{"id":13,"date":"2019-03-01T17:15:06","date_gmt":"2019-03-01T17:15:06","guid":{"rendered":"http:\/\/www.jb-energieberatung.de\/www\/?page_id=13"},"modified":"2019-03-05T12:14:16","modified_gmt":"2019-03-05T12:14:16","slug":"ueber-jb","status":"publish","type":"page","link":"https:\/\/www.jb-energieberatung.de\/www\/ueber-jb\/","title":{"rendered":"\u00dcber JB"},"content":{"rendered":" \r\n\t<div id=\"fws_872717506\" class=\"full-width-section standard_section full_width  \" style=\"padding-top: 10px; padding-bottom: 20px; \"> \r\n\r\n\t<div class=\"row-bg-wrap\"> <div class=\"row-bg   \" style=\"\"><\/div> <\/div>\r\n\r\n    <div class=\"row wpshopmart_row dark\"><\/p>\n<p><div class=\"col-md-6 col-sm-6 col-xs-12 margin-b-30 \" ><\/p>\n<p>\r\n\t\t\t\t\t\t<h3 class=\"section-sub-title\">Wir kennen uns aus <\/h3>\r\n\t\t\t\t\t\t\r\n\t\t\t\t\t\t<\/p>\n<p>Im Bereich der Geb\u00e4udeenergieberatung und unseren daraus entstandenen Leistungen kennen wir uns bestens aus. Wir sch\u00f6pfen aus \u00fcber 20 Jahren Berufserfahrung. Seit 2009 gibt es uns bereits und seit dem bieten wir auch unsere Leistungen an.<\/p>\n<p>Da ich als Elektromeister dieses kleine Unternehmen allein f\u00fchre, kann ich mit JB-Energieberatung f\u00fcr Sie kurzfristig reagieren und z.B. Energieausweise ausstellen. Auch auf Anfragen kann ich kurzfristig reagieren und zeitlich flexibel mit Ihnen Termine vereinbaren.<\/p>\n<p><\/div><\/p>\n<p><div class=\"col-md-6 col-sm-6 col-xs-12 margin-b-30 \" ><\/p>\n<p><img loading=\"lazy\" class=\"alignnone size-full wp-image-854\" src=\"http:\/\/www.jb-energieberatung.de\/www\/wp-content\/uploads\/2019\/03\/Energiesparen1.png\" alt=\"\" width=\"672\" height=\"608\" \/><\/p>\n<p><\/div><\/p>\n<p><div class=\"col-md-6 col-sm-6 col-xs-12 margin-b-30 \" >\t<div class=\"row section-space-30\">\r\n\t\t\t<\/div>\t\t\r\n\t\r\n\t\t\r\n\t<\/div><\/p>\n<p><\/div><\/div>\n\n\n \r\n\t<div id=\"fws_1911404546\" class=\"full-width-section standard_section full_width  \" style=\"padding-top: 5px; padding-bottom: 10px; \"> \r\n\r\n\t<div class=\"row-bg-wrap\"> <div class=\"row-bg   \" style=\"\"><\/div> <\/div>\r\n\r\n    <div class=\"row wpshopmart_row dark\"><\/p>\n<p><div class=\"col-md-6 col-sm-6 col-xs-12 margin-b-30 \" ><\/p>\n<p><img loading=\"lazy\" class=\"alignnone size-full wp-image-854\" src=\"http:\/\/www.jb-energieberatung.de\/www\/wp-content\/uploads\/2018\/06\/We-Proud-What-We-Do-Image.png\" alt=\"\" width=\"672\" height=\"608\" \/><\/p>\n<p><\/div><\/p>\n<p><div class=\"col-md-6 col-sm-6 col-xs-12 margin-b-30 \" ><\/p>\n<p>\r\n\t\t\t\t\t\t<h3 class=\"section-sub-title\">ich liebe was ich tue<\/h3>\r\n\t\t\t\t\t\t\r\n\t\t\t\t\t\t<\/p>\n<div class=\"wpb_text_column wpb_content_element vc_custom_1521539207716\">\n<div class=\"wpb_wrapper\">\n<p>Warum? Ganz einfach. Ich schaue ganz genau hin. Durch meine Beratung tragen wir dazu bei, Energie zu sparen, damit Ressourcen zu schonen. In der Sanierungsplanung werden moderne Materialien ber\u00fccksichtigt. Dadurch k\u00f6nnen wir zusammen dazu beitragen, unsere Umwelt ein bisschen gr\u00fcner werden zu lassen.<\/p>\n<\/div>\n<\/div>\n<div class=\"wpb_text_column wpb_content_element vc_custom_1521539225907\">\n<div class=\"wpb_wrapper\">\n<p>Das ist f\u00fcr unsere Verantwortung als Unternehmen sicher gut, hier einen Beitrag leisten zu k\u00f6nnen. Wir freuen uns aber auch, dass wir damit Ihnen helfen, ebenfalls etwas f\u00fcr unsere Umwelt tun zu k\u00f6nnen. Und das zukunftsorientiert und langfristig. Das macht uns stolz.<\/p>\n<\/div>\n<\/div>\n<div class=\"wpb_text_column wpb_content_element vc_custom_1521539225907\">\n<div class=\"wpb_wrapper\">\n<p><a class=\"wpshopmart-button large\" target=\"_blank\" href=\"https:\/\/jb-energieberatung.de\/www\/kontakt\" style=\"background-color:\"><span>Nehmen Sie Kontakt auf!<\/span><\/a><\/p>\n<\/div>\n<\/div>\n<p><\/div><\/div><\/div>\n\n\n \r\n\t<div id=\"fws_1440011811\" class=\"full-width-section standard_section full_width  \" style=\"background-color: #fafafa; padding-top: 30px; padding-bottom: 30px; \"> \r\n\r\n\t<div class=\"row-bg-wrap\"> <div class=\"row-bg  using-bg-color \" style=\"\"><\/div> <\/div>\r\n\r\n    <div class=\"row wpshopmart_row light\">\t\t <div class=\"row sp project-activation-area section-space-30\">\r\n\t\t\t\t\t\t\r\n\t\t\t\t\t\t<div class=\"col-md-3 col-sm-3 col-xs-6 \" >\r\n\t\t\t\t\t\t\t<div class=\"about-counter-list\">\r\n\t\t\t\t\t\t\t\t<i class=\"fa fa-clock-o\" aria-hidden=\"true\"><\/i>\r\n\t\t\t\t\t\t\t\t<h2 class=\"about-counter\">20<\/h2>\r\n\t\t\t\t\t\t\t\t<p>mehr als  &#8230;  Jahre Berufserfahrung<\/p>\r\n\t\t\t\t\t\t\t<\/div>\r\n\t\t\t\t\t\t<\/div>\r\n\t\t\t\t\t\t\r\n\t\t\t\t\t\t<div class=\"col-md-3 col-sm-3 col-xs-6 \" >\r\n\t\t\t\t\t\t\t<div class=\"about-counter-list\">\r\n\t\t\t\t\t\t\t\t<i class=\"fa fa-trophy\" aria-hidden=\"true\"><\/i>\r\n\t\t\t\t\t\t\t\t<h2 class=\"about-counter\">150<\/h2>\r\n\t\t\t\t\t\t\t\t<p>mehr als &#8230;  betreute Projekte<\/p>\r\n\t\t\t\t\t\t\t<\/div>\r\n\t\t\t\t\t\t<\/div>\r\n\t\t\t\t\t\t\r\n            <\/div>\t\r\n\t <\/div><\/div>\n\n\n \r\n\t<div id=\"fws_1642522511\" class=\"full-width-section standard_section full_width  \" style=\"background-color: #ffd361; padding-top: 20px; padding-bottom: 20px; \"> \r\n\r\n\t<div class=\"row-bg-wrap\"> <div class=\"row-bg  using-bg-color \" style=\"\"><\/div> <\/div>\r\n\r\n    <div class=\"row wpshopmart_row light\"><\/p>\n<p><div class=\"col-md-4 col-sm-6 col-xs-12 margin-b-30 \"><\/p>\n<p><img loading=\"lazy\" class=\"alignnone size-full wp-image-854\" src=\"http:\/\/www.jb-energieberatung.de\/www\/wp-content\/uploads\/2019\/03\/20180130151343_CCI30012018-e1551521274196.jpg\" alt=\"\" width=\"369\" height=\"578\" \/><\/p>\n<p><\/div><\/p>\n<p><div class=\"col-md-8 margin-b-30 \"><\/p>\n<h2><strong>Wer ist JB? Das bin ich!<\/strong><\/h2>\n<div class=\"wpb_text_column wpb_content_element vc_custom_1521539207716\">\n<div class=\"wpb_wrapper\">\n<p><div class=\"divider-wrap\"><div style=\"margin-top: 7px; width: 20%; height: 1px; margin-bottom: 7px;\" data-width=\"20%\" data-animate=\"\" data-animation-delay=\"\" data-color=\"default\" class=\"divider-small-border\"><\/div><\/div><\/p>\n<div class=\"wpb_text_column wpb_content_element vc_custom_1521539207716\">\n<div class=\"wpb_wrapper\">\n<p>Ich bin J\u00fcrgen Brunstein und seit \u00fcber 10 Jahren in der Energiebranche als Elektromeister t\u00e4tig. Nach mehreren Weiterbildungen habe ich mich als Geb\u00e4udeenergieberater im Februar 2009 nebenberuflich mit der JB-Energieberatung selbstst\u00e4ndig gemacht. Seit dem erstelle ich u. a. Energieausweise, f\u00fcr private Immobilieneigent\u00fcmer, aber auch f\u00fcr Immobilienmakler. Sanierungsplanung und Luftdichtheitsmessungen geh\u00f6ren ebenfalls zu meinem Portfolio.<\/p>\n<\/div>\n<\/div>\n<div class=\"wpb_text_column wpb_content_element vc_custom_1521539225907\">\n<div class=\"wpb_wrapper\">\n<p>In der Arbeit kooperiere ich mit zahlreichen Handwerksbetrieben unterschiedlicher Gewerke und erstelle hier u. a. Berechnungen zur Einhaltung der EnEV und z.B. zum Schichtaufbau bei Geb\u00e4udesanierungen. Weiter mache ich auch Berechnungen zur Wirtschaftlichkeit verschiedener Heizungsanlagen f\u00fcr meine Kunden. Dabei bin ich stets herstellerneutral und unabh\u00e4ngig. Mehr hierzu finden Sie unter Leistungen.<\/p>\n<\/div>\n<\/div>\n<\/div>\n<\/div>\n<div class=\"wpb_text_column wpb_content_element vc_custom_1521539225907\">\n<div class=\"wpb_wrapper\"><\/div>\n<\/div>\n<p><\/div><\/p>\n<p><\/div><\/div>\n","protected":false},"excerpt":{"rendered":"","protected":false},"author":1,"featured_media":0,"parent":0,"menu_order":1,"comment_status":"closed","ping_status":"closed","template":"template-pagefull.php","meta":[],"_links":{"self":[{"href":"https:\/\/www.jb-energieberatung.de\/www\/wp-json\/wp\/v2\/pages\/13"}],"collection":[{"href":"https:\/\/www.jb-energieberatung.de\/www\/wp-json\/wp\/v2\/pages"}],"about":[{"href":"https:\/\/www.jb-energieberatung.de\/www\/wp-json\/wp\/v2\/types\/page"}],"author":[{"embeddable":true,"href":"https:\/\/www.jb-energieberatung.de\/www\/wp-json\/wp\/v2\/users\/1"}],"replies":[{"embeddable":true,"href":"https:\/\/www.jb-energieberatung.de\/www\/wp-json\/wp\/v2\/comments?post=13"}],"version-history":[{"count":21,"href":"https:\/\/www.jb-energieberatung.de\/www\/wp-json\/wp\/v2\/pages\/13\/revisions"}],"predecessor-version":[{"id":1106,"href":"https:\/\/www.jb-energieberatung.de\/www\/wp-json\/wp\/v2\/pages\/13\/revisions\/1106"}],"wp:attachment":[{"href":"https:\/\/www.jb-energieberatung.de\/www\/wp-json\/wp\/v2\/media?parent=13"}],"curies":[{"name":"wp","href":"https:\/\/api.w.org\/{rel}","templated":true}]}}