{"id":12,"date":"2019-03-01T17:15:06","date_gmt":"2019-03-01T17:15:06","guid":{"rendered":"http:\/\/www.jb-energieberatung.de\/www\/?page_id=12"},"modified":"2019-03-05T13:42:40","modified_gmt":"2019-03-05T13:42:40","slug":"leistungen","status":"publish","type":"page","link":"https:\/\/www.jb-energieberatung.de\/www\/leistungen\/","title":{"rendered":"Leistungen"},"content":{"rendered":"\n<p>Die Leistungen Energieausweis und Luftdichtheitsmessung haben wir aufgrund ihrer Informationsmenge auf eigenen Seiten platziert. Alle anderen Leistungen der JB-Energieberatung finden Sie weiter unten.<\/p>\n\n\n\n<h5 style=\"text-align:center\"><strong>Energieausweis<\/strong>: <a href=\"https:\/\/jb-energieberatung.de\/www\/leistungen\/energieausweis\">finden Sie hier!<\/a> <\/h5>\n\n\n\n<h5 style=\"text-align:center\"><strong>Luftdichtheitsmessung<\/strong>: <a href=\"https:\/\/jb-energieberatung.de\/www\/leistungen\/luftdichtheitsmessung\">zeigen wir Ihnen hier!<\/a><\/h5>\n\n\n\n<p><\/p>\n\n\n\n<p style=\"text-align:center\">Bei diesen Leistungen unterscheiden wir zwischen Hausbesitzer und Handwerksunternehmen: <\/p>\n\n\n\n<p><\/p>\n\n\n\n<div class=\"wp-block-columns has-2-columns\">\n<div class=\"wp-block-column\">\n<i class=\"fa fa-home\" aria-hidden=\"true\"><\/i>\n\n\n\n<h4>F\u00fcr Hausbesitzer<\/h4>\n\n\n\n<ul><li><strong>Geb\u00e4udeenergieberatung vor Ort<\/strong>: Wir begutachten f\u00fcr Sie Ihr Geb\u00e4ude bei einem Ortstermin. Dabei k\u00f6nnen kleine und \/ oder auch gr\u00f6\u00dfere Schwachstellen aufgedeckt werden. M\u00f6gliche Varianten f\u00fcr die Beseitigung erkl\u00e4ren wir Ihnen aber  in einem von uns gefertigten schriftlichen Bericht.<\/li><li><strong>Modernisierungsplanung mit  Wirtschaftlichkeitsberechnung<\/strong>: Wir erstellen Ihnen ein Modernisierungskonzept f\u00fcr Ihr Geb\u00e4ude. Wir arbeiten dabei auch mit Konzepten, die bereits erstellt wurden. Hierbei ber\u00fccksichtigen wir Ihre W\u00fcnsche als Kunde     und stellen die Wirtschaftlichkeit verschiedener      Sanierungsvarianten gegen\u00fcber. <\/li><li><strong>Analyse des Raumklimas<\/strong>:      Wir messen die Raumtemperatur, die relative Luftfeuchtigkeit und den      CO2-Gehalt \u00fcber einen l\u00e4ngeren Zeitraum. Dazu messen wir auf Wunsch auch  Oberfl\u00e4chentemperaturen. Aus den so gewonnenen Messwerten werten wir das  Raumklima  und eventuelle Schimmelpotenziale aus.<\/li><li><strong>Feuchteuntersuchungen<\/strong>:      Wir messen den Feuchtegehalt verschiedener Baustoffe oder von Bauteiloberfl\u00e4chen.<\/li><li><strong>Stromsparberatung<\/strong>:      Wir besichtigen im Geb\u00e4ude vorhandene Elektroger\u00e4te und Lampen. Dabei f\u00fchren wir eine Messung der einzelnen Stromverbr\u00e4uche durch. So ermitteln wir den aktuellen Stromverbrauch,  zeigen Ihnen aber auf Wunsch auch eventuelle      Sparpotenziale auf.<\/li><li><strong>Projektbetreuung und -begleitung<\/strong>:    Wir betreuen Ihr Projekt auch w\u00e4hrend der Durchf\u00fchrung. Gern stehen wir Ihnen dabei f\u00fcr Ihre Fragen zur Verf\u00fcgung und beraten Sie dazu. Damit k\u00f6nnen Sie sicher sein, dass die Sanierung auch wie geplant ausgef\u00fchrt wird. <\/li><li><strong>F\u00f6rdermittelberatung und      F\u00f6rdermittelnachweise<\/strong>: Zur Umsetzung der      Sanierungsma\u00dfnahmen gibt es viele verschiedene F\u00f6rderm\u00f6glichkeiten. Welche      F\u00f6rderm\u00f6glichkeit am besten geeignet ist, h\u00e4ngt von der Sanierungsvariante  ab. Hierzu beraten wir Sie gern und unterst\u00fctzen wir Sie sehr gern beim Nachweis Ihrer      Sanierungsvariante. Weil es hier einige Stolpersteine gibt, sprechen wir diese mit Ihnen durch. <\/li><\/ul>\n<\/div>\n\n\n\n<div class=\"wp-block-column\">\n<i class=\"fa fa-wrench\" aria-hidden=\"true\"><\/i>\n\n\n\n<h4>f\u00fcr Handwerksunternehmen<br><\/h4>\n\n\n\n<ul><li><strong>Energetische Wohngeb\u00e4udeberechnungen<\/strong>:    Gern betrachten wir den Schichtaufbau einzelner Bauteile und bewerten diesen energetisch. F\u00fcr Sanierungen ermitteln wir den  Schichtaufbau, der die      Anforderungen der g\u00fcltigen Energieeinsparverordnung oder die Anforderungen der KfW erf\u00fcllt.<\/li><li><strong>Analyse des Raumklimas<\/strong>:      Wir messen die Raumtemperatur, die relative Luftfeuchtigkeit und den CO2-Gehalt \u00fcber einen l\u00e4ngeren Zeitraum. Dazu messen wir auf Wunsch aber auch Oberfl\u00e4chentemperaturen. Aus den so gewonnenen Messwerten werten wir das Raumklima und eventuelle Schimmelpotenziale als Beispiel aus.<\/li><li><strong>Feuchteuntersuchungen<\/strong>:      Wir messen den  Feuchtegehalt verschiedener Baustoffe und \/ oder von      Bauteiloberfl\u00e4chen. So k\u00f6nnen Sie Feuchtigkeitssch\u00e4den entlarven und beseitigen aber auch vorbeugen.<\/li><\/ul>\n<\/div>\n<\/div>\n\n\n\n<div class=\"wp-block-image\"><figure class=\"aligncenter is-resized\"><img loading=\"lazy\" src=\"https:\/\/www.jb-energieberatung.de\/www\/wp-content\/uploads\/2019\/03\/istock_000014016827_extrasmall.jpg\" alt=\"JB-Energieberatung J\u00fcrgen Brunstein Energieberatungsb\u00fcro Energieausweis Luftdichtheitsmessung Sanierungsplanung  Sassendorf Soest Lippstadt Kreis Leistungen Energiesparklassen Diagram\" class=\"wp-image-93\" width=\"230\" height=\"173\"\/><\/figure><\/div>\n","protected":false},"excerpt":{"rendered":"<p>Die Leistungen Energieausweis und Luftdichtheitsmessung haben wir aufgrund ihrer Informationsmenge auf eigenen Seiten platziert. Alle anderen Leistungen der JB-Energieberatung finden Sie weiter unten. Energieausweis: finden Sie hier! Luftdichtheitsmessung: zeigen wir Ihnen hier! Bei diesen Leistungen unterscheiden wir zwischen Hausbesitzer und Handwerksunternehmen: F\u00fcr Hausbesitzer Geb\u00e4udeenergieberatung vor Ort: Wir begutachten f\u00fcr Sie Ihr Geb\u00e4ude bei einem Ortstermin. Dabei k\u00f6nnen kleine und \/ oder auch gr\u00f6\u00dfere Schwachstellen aufgedeckt werden. M\u00f6gliche Varianten f\u00fcr die Beseitigung erkl\u00e4ren wir Ihnen aber in einem von uns gefertigten schriftlichen Bericht.Modernisierungsplanung mit Wirtschaftlichkeitsberechnung: Wir erstellen Ihnen ein Modernisierungskonzept f\u00fcr Ihr Geb\u00e4ude. Wir arbeiten dabei auch mit Konzepten, die bereits &hellip;<\/p>\n","protected":false},"author":1,"featured_media":0,"parent":0,"menu_order":0,"comment_status":"closed","ping_status":"closed","template":"template-pagefull.php","meta":[],"_links":{"self":[{"href":"https:\/\/www.jb-energieberatung.de\/www\/wp-json\/wp\/v2\/pages\/12"}],"collection":[{"href":"https:\/\/www.jb-energieberatung.de\/www\/wp-json\/wp\/v2\/pages"}],"about":[{"href":"https:\/\/www.jb-energieberatung.de\/www\/wp-json\/wp\/v2\/types\/page"}],"author":[{"embeddable":true,"href":"https:\/\/www.jb-energieberatung.de\/www\/wp-json\/wp\/v2\/users\/1"}],"replies":[{"embeddable":true,"href":"https:\/\/www.jb-energieberatung.de\/www\/wp-json\/wp\/v2\/comments?post=12"}],"version-history":[{"count":9,"href":"https:\/\/www.jb-energieberatung.de\/www\/wp-json\/wp\/v2\/pages\/12\/revisions"}],"predecessor-version":[{"id":1144,"href":"https:\/\/www.jb-energieberatung.de\/www\/wp-json\/wp\/v2\/pages\/12\/revisions\/1144"}],"wp:attachment":[{"href":"https:\/\/www.jb-energieberatung.de\/www\/wp-json\/wp\/v2\/media?parent=12"}],"curies":[{"name":"wp","href":"https:\/\/api.w.org\/{rel}","templated":true}]}}