{"id":1066,"date":"2019-03-05T08:32:07","date_gmt":"2019-03-05T08:32:07","guid":{"rendered":"http:\/\/www.jb-energieberatung.de\/www\/?page_id=1066"},"modified":"2019-03-05T14:10:03","modified_gmt":"2019-03-05T14:10:03","slug":"impressum","status":"publish","type":"page","link":"https:\/\/www.jb-energieberatung.de\/www\/impressum\/","title":{"rendered":"Impressum"},"content":{"rendered":"<div class=\"row \"><div class=\"section-title-area\"><div class=\"col-lg-12 col-md-12 col-sm-12 col-xs-12\"><div class=\"section-title-area\"><h2 class=\"section-title\">Impressum<\/h2>\r\n\t\t\t\t\t\t\t\t<div class=\"title-bottom-icon\">\r\n\t\t\t\t\t\t\t\t\t<span class=\"title-bottom-icon-left\"><\/span>\r\n\t\t\t\t\t\t\t\t\t<i class=\"fa fa-cubes\" aria-hidden=\"true\"><\/i>\r\n\t\t\t\t\t\t\t\t\t<span class=\"title-bottom-icon-right\"><\/span>\r\n\t\t\t\t\t\t\t\t<\/div>\r\n\t\t\t\t\t\t\t\t<p>Hier finden Sie die notwendigen Angaben. Bei Fragen k\u00f6nnen Sie uns eine Mail schicken.  <\/p>\r\n\t\t\t\t\t\t\t<\/div>\r\n\t\t\t\t\t\t<\/div>\r\n\t\t\t\t\t\t<\/div>\r\n\t\t\t\t\t\t<\/div>\n\n\n <div class=\"panel-group wpsm_theme_accordion\" id=\"accordion45810\" role=\"tablist\" aria-multiselectable=\"true\"><div class=\"panel panel-default\"><div class=\"panel-heading\" role=\"tab\" id=\"headingOne1\">\r\n                        <h4 class=\"panel-title\">\r\n                            <a role=\"button\" data-toggle=\"collapse\" class=\"\" data-parent=\"#accordion45810\" href=\"#b145810\" aria-expanded=\"false\" aria-controls=\"b145810\" class=\"collapsed\">\r\n                              Angaben nach \u00a7 5 TMG\r\n\t\t\t\t\t\t\t  <\/a>\r\n                        <\/h4>\r\n                    <\/div><div id=\"b145810\" class=\"panel-collapse collapse in\" role=\"tabpanel\" aria-labelledby=\"headingOne1\">\r\n                        <div class=\"panel-body\">\r\n                            <p><br \/>\nJ\u00fcrgen Brunstein<br \/>\nJB &#8211; Energieberatung<br \/>\nLange Strasse 31<br \/>\n59505 Bad Sassendorf<\/p>\n<p>Tel: 02945 &#8211; 200 84 63<br \/>\nMobil: 0160 &#8211; 957 040 97<\/p>\n<p>Mail: info@jb-energieberatung.de<\/p>\n<p>SteuerNr.:  330 \/ 5018 \/ 2708<br \/>\nFinanzamt:  Soest<\/p>\n<p> <\/p><\/div>\r\n                    <\/div><\/div> <div class=\"panel panel-default\"><div class=\"panel-heading\" role=\"tab\" id=\"headingOne2\">\r\n                        <h4 class=\"panel-title\">\r\n                            <a role=\"button\" data-toggle=\"collapse\" class=\"collapsed\" data-parent=\"#accordion45810\" href=\"#b245810\" aria-expanded=\"false\" aria-controls=\"b245810\" class=\"collapsed\">\r\n                              Angaben zu Links, deren Inhalte und Haftung\r\n\t\t\t\t\t\t\t  <\/a>\r\n                        <\/h4>\r\n                    <\/div><div id=\"b245810\" class=\"panel-collapse collapse \" role=\"tabpanel\" aria-labelledby=\"headingOne2\">\r\n                        <div class=\"panel-body\">\r\n                            <p> <\/p>\n<p>Haftung f\u00fcr Inhalte<\/p>\n<p>Als Diensteanbieter bin ich gem\u00e4\u00df \u00a7 7 Abs.1 TMG f\u00fcr eigene Inhalte auf diesen Seiten nach den allgemeinen Gesetzen verantwortlich. Nach \u00a7\u00a7 8 bis 10 TMG bin ich als Diensteanbieter jedoch nicht verpflichtet, \u00fcbermittelte oder gespeicherte fremde Informationen zu \u00fcberwachen oder nach Umst\u00e4nden zu forschen, die auf eine rechtswidrige T\u00e4tigkeit hinweisen.<\/p>\n<p>Verpflichtungen zur Entfernung oder Sperrung der Nutzung von Informationen nach den allgemeinen Gesetzen bleiben hiervon unber\u00fchrt. Eine diesbez\u00fcgliche Haftung ist jedoch erst ab dem Zeitpunkt der Kenntnis einer konkreten Rechtsverletzung m\u00f6glich. Bei Bekanntwerden von entsprechenden Rechtsverletzungen werde ich diese Inhalte umgehend entfernen.<br \/>\nHaftung f\u00fcr Links<\/p>\n<p>Unser Angebot enth\u00e4lt Links zu externen Websites Dritter, auf deren Inhalte ich keinen Einfluss habe. Deshalb kann ich f\u00fcr diese fremden Inhalte auch keine Gew\u00e4hr \u00fcbernehmen. F\u00fcr die Inhalte der verlinkten Seiten ist stets der jeweilige Anbieter oder Betreiber der Seiten verantwortlich. Die verlinkten Seiten wurden zum Zeitpunkt der Verlinkung auf m\u00f6gliche Rechtsverst\u00f6\u00dfe \u00fcberpr\u00fcft. Rechtswidrige Inhalte waren zum Zeitpunkt der Verlinkung nicht erkennbar.<\/p>\n<p>Eine permanente inhaltliche Kontrolle der verlinkten Seiten ist jedoch ohne konkrete Anhaltspunkte einer Rechtsverletzung nicht zumutbar. Bei Bekanntwerden von Rechtsverletzungen werde ich derartige Links umgehend entfernen.<br \/>\nUrheberrecht<\/p>\n<p>Die durch die\/den Seitenbetreiber erstellten Inhalte und Werke auf diesen Seiten unterliegen dem deutschen Urheberrecht. Die Vervielf\u00e4ltigung, Bearbeitung, Verbreitung und jede Art der Verwertung au\u00dferhalb der Grenzen des Urheberrechtes bed\u00fcrfen der schriftlichen Zustimmung des jeweiligen Autors bzw. Erstellers. Downloads und Kopien dieser Seite sind nur nach schriftlicher Genehmigung durch BackOffice Imbach gestattet.<\/p>\n<p>Soweit die Inhalte auf dieser Seite nicht vom Betreiber erstellt wurden, werden die Urheberrechte Dritter beachtet. Insbesondere werden Inhalte Dritter als solche gekennzeichnet. Sollten Sie trotzdem auf eine Urheberrechtsverletzung aufmerksam werden, bitte ich um einen entsprechenden (kostenlosen) Hinweis. Bei Bekanntwerden von Rechtsverletzungen werde ich derartige Inhalte umgehend entfernen.<\/p>\n<p>Quelle f\u00fcr den Disclaimer: e-recht24.de <\/p>\n<p><\/p><\/div>\r\n                    <\/div><\/div> <div class=\"panel panel-default\"><div class=\"panel-heading\" role=\"tab\" id=\"headingOne3\">\r\n                        <h4 class=\"panel-title\">\r\n                            <a role=\"button\" data-toggle=\"collapse\" class=\"collapsed\" data-parent=\"#accordion45810\" href=\"#b345810\" aria-expanded=\"false\" aria-controls=\"b345810\" class=\"collapsed\">\r\n                              Datenschutz\r\n\t\t\t\t\t\t\t  <\/a>\r\n                        <\/h4>\r\n                    <\/div><div id=\"b345810\" class=\"panel-collapse collapse \" role=\"tabpanel\" aria-labelledby=\"headingOne3\">\r\n                        <div class=\"panel-body\">\r\n                            <p> Der Datenschutz ist uns sehr wichtig. Wir arbeiten daher in diesem Bereich sehr sensibel. Weitere Hinweise sehen Sie in unserer Datenschutzerkl\u00e4rung unter diesem Link: <div class=\"divider-wrap\"><div style=\"height: 30px;\" class=\"divider\"><\/div><\/div><a class=\"wpshopmart-button large\"  href=\"https:\/\/jb-energieberatung.de\/www\/datenschutz\" style=\"background-color:#ffd361\"><span>Datenschutzerkl\u00e4rung<\/span><\/a><br \/>\n <\/p><\/div>\r\n                    <\/div><\/div> <div class=\"panel panel-default\"><div class=\"panel-heading\" role=\"tab\" id=\"headingOne4\">\r\n                        <h4 class=\"panel-title\">\r\n                            <a role=\"button\" data-toggle=\"collapse\" class=\"collapsed\" data-parent=\"#accordion45810\" href=\"#b445810\" aria-expanded=\"false\" aria-controls=\"b445810\" class=\"collapsed\">\r\n                              Quellenangaben\r\n\t\t\t\t\t\t\t  <\/a>\r\n                        <\/h4>\r\n                    <\/div><div id=\"b445810\" class=\"panel-collapse collapse \" role=\"tabpanel\" aria-labelledby=\"headingOne4\">\r\n                        <div class=\"panel-body\">\r\n                            <p><br \/>\nDie Bilder, die wir auf der Homepage verwenden, stammen entweder von uns, oder aber wir haben uns die Rechte daran gesichert. <\/p>\n<p> Urheberschutz der verwendeten Medien:<br \/>\n\u00a9 istockphoto.com \/ Alex Slobodkin, de santis paolo, malerapaso, 2014 (mehrere, z.B. Energieverbrauchsskala)<br \/>\n\u00a9 Image by 849356 on Pixabay, 2019 (Bilder im Slider)<br \/>\n\u00a9 Image klasse-effizienz-energie-2171050 by Jobbeat-4910694 on Pixabay, 2019 (Energieeffizienz)<br \/>\n<\/p><\/div>\r\n                    <\/div><\/div><\/div>\n","protected":false},"excerpt":{"rendered":"","protected":false},"author":1,"featured_media":0,"parent":0,"menu_order":0,"comment_status":"closed","ping_status":"closed","template":"","meta":[],"_links":{"self":[{"href":"https:\/\/www.jb-energieberatung.de\/www\/wp-json\/wp\/v2\/pages\/1066"}],"collection":[{"href":"https:\/\/www.jb-energieberatung.de\/www\/wp-json\/wp\/v2\/pages"}],"about":[{"href":"https:\/\/www.jb-energieberatung.de\/www\/wp-json\/wp\/v2\/types\/page"}],"author":[{"embeddable":true,"href":"https:\/\/www.jb-energieberatung.de\/www\/wp-json\/wp\/v2\/users\/1"}],"replies":[{"embeddable":true,"href":"https:\/\/www.jb-energieberatung.de\/www\/wp-json\/wp\/v2\/comments?post=1066"}],"version-history":[{"count":7,"href":"https:\/\/www.jb-energieberatung.de\/www\/wp-json\/wp\/v2\/pages\/1066\/revisions"}],"predecessor-version":[{"id":1150,"href":"https:\/\/www.jb-energieberatung.de\/www\/wp-json\/wp\/v2\/pages\/1066\/revisions\/1150"}],"wp:attachment":[{"href":"https:\/\/www.jb-energieberatung.de\/www\/wp-json\/wp\/v2\/media?parent=1066"}],"curies":[{"name":"wp","href":"https:\/\/api.w.org\/{rel}","templated":true}]}}